{"id":645,"date":"2020-12-19T00:01:22","date_gmt":"2020-12-18T23:01:22","guid":{"rendered":"https:\/\/veto-osteo.com\/?page_id=645"},"modified":"2023-09-04T16:18:54","modified_gmt":"2023-09-04T14:18:54","slug":"accueil","status":"publish","type":"page","link":"https:\/\/www.veto-osteo.com\/","title":{"rendered":"Dr Line DESCHAMPS"},"content":{"rendered":"\n<h2 class=\"wp-block-heading\"> Traitement et pr\u00e9vention par l\u2019ost\u00e9opathie <\/h2>\n\n\n\n<p>Vous aimez avoir un animal tonique, plein de vitalit\u00e9, bien dans sa peau. <br>Vous cherchez \u00e0 soulager ses douleurs articulaires ou \u00e0 am\u00e9liorer ses performances sportives, vous souhaitez qu\u2019il r\u00e9cup\u00e8re plus rapidement apr\u00e8s une intervention chirurgicale ou associer une m\u00e9decine compl\u00e9mentaire au traitement en cours.<br>Dans tous ces cas, l\u2019ost\u00e9opathie peut s\u2019av\u00e9rer utile.<\/p>\n\n\n\n<div class=\"wp-block-columns is-layout-flex wp-container-2 wp-block-columns-is-layout-flex\">\n<div class=\"wp-block-column is-layout-flow wp-block-column-is-layout-flow\" style=\"flex-basis:100%\"><\/div>\n<\/div>\n\n\n\n<h2 class=\"wp-block-heading\">L\u2019ost\u00e9opathie, une m\u00e9decine pour les animaux  <\/h2>\n\n\n\n<p>L\u2019ost\u00e9opathie compl\u00e8te le champ d\u2019action de la m\u00e9decine v\u00e9t\u00e9rinaire. <br>Elle r\u00e9tablit l\u2019\u00e9quilibre et le mouvement en d\u00e9nouant les points de blocage parfois cach\u00e9s dans des zones insoup\u00e7onn\u00e9es. L\u2019ost\u00e9opathie est une m\u00e9decine manuelle. Les animaux sont g\u00e9n\u00e9ralement tr\u00e8s r\u00e9ceptifs \u00e0 cette approche. <\/p>\n\n\n\n<div class=\"wp-block-columns is-layout-flex wp-container-6 wp-block-columns-is-layout-flex\">\n<div class=\"wp-block-column is-layout-flow wp-block-column-is-layout-flow\" style=\"flex-basis:100%\">\n<figure class=\"wp-block-gallery has-nested-images columns-default is-cropped wp-block-gallery-3 is-layout-flex wp-block-gallery-is-layout-flex\">\n<figure class=\"wp-block-image size-large\"><img decoding=\"async\" loading=\"lazy\" width=\"612\" height=\"408\" src=\"https:\/\/www.veto-osteo.com\/wp-content\/uploads\/2020\/12\/3.jpg\" alt=\"\" class=\"wp-image-649\" srcset=\"https:\/\/www.veto-osteo.com\/wp-content\/uploads\/2020\/12\/3.jpg 612w, https:\/\/www.veto-osteo.com\/wp-content\/uploads\/2020\/12\/3-300x200.jpg 300w\" sizes=\"(max-width: 612px) 100vw, 612px\" \/><\/figure>\n\n\n\n<figure class=\"wp-block-image size-large\"><img decoding=\"async\" loading=\"lazy\" width=\"612\" height=\"406\" src=\"https:\/\/www.veto-osteo.com\/wp-content\/uploads\/2020\/12\/4.jpg\" alt=\"\" class=\"wp-image-650\" srcset=\"https:\/\/www.veto-osteo.com\/wp-content\/uploads\/2020\/12\/4.jpg 612w, https:\/\/www.veto-osteo.com\/wp-content\/uploads\/2020\/12\/4-300x199.jpg 300w\" sizes=\"(max-width: 612px) 100vw, 612px\" \/><\/figure>\n\n\n\n<figure class=\"wp-block-image size-large\"><img decoding=\"async\" loading=\"lazy\" width=\"1024\" height=\"576\" src=\"https:\/\/www.veto-osteo.com\/wp-content\/uploads\/2020\/12\/8-1024x576.jpg\" alt=\"\" class=\"wp-image-651\" srcset=\"https:\/\/www.veto-osteo.com\/wp-content\/uploads\/2020\/12\/8-1024x576.jpg 1024w, https:\/\/www.veto-osteo.com\/wp-content\/uploads\/2020\/12\/8-300x169.jpg 300w, https:\/\/www.veto-osteo.com\/wp-content\/uploads\/2020\/12\/8-768x432.jpg 768w\" sizes=\"(max-width: 1024px) 100vw, 1024px\" \/><\/figure>\n<\/figure>\n<\/div>\n<\/div>\n\n\n\n<h2 class=\"wp-block-heading\">Un soin adapt\u00e9 aux besoins de votre animal <\/h2>\n\n\n\n<p> \u00ab&nbsp;Chaque cas est unique, car chaque animal poss\u00e8de sa propre histoire, ses forces et ses faiblesses.&nbsp;\u00bb<br> L\u2019ost\u00e9opathie v\u00e9t\u00e9rinaire est indiqu\u00e9e dans de nombreuses affections et applicable chez toutes les esp\u00e8ces.<\/p>\n\n\n\n<h3 class=\"wp-block-heading\">Dans quels cas consulter&nbsp;?<\/h3>\n\n\n\n<p> Troubles locomoteurs (boiteries, cervicalgie, dorsalgie, lombalgie\u2026)<br> Troubles visc\u00e9raux (gastrites, colites, cystites\u2026)<br> Suite \u00e0 un traumatisme (chute, bagarre, accident de voiture\u2026)<br> Troubles li\u00e9s \u00e0 la mise bas, au v\u00ealage, au poulinage<br> Troubles li\u00e9s \u00e0 la croissance<br> Apr\u00e8s une chirurgie<br> Chiens de grandes races<br> Jeunes animaux<br> Animaux \u00e2g\u00e9s <\/p>\n\n\n\n<h3 class=\"wp-block-heading\"> Exemples<\/h3>\n\n\n\n<div class=\"wp-block-columns are-vertically-aligned-center is-layout-flex wp-container-10 wp-block-columns-is-layout-flex\">\n<div class=\"wp-block-column is-vertically-aligned-center is-layout-flow wp-block-column-is-layout-flow\" style=\"flex-basis:100%\">\n<figure class=\"wp-block-gallery has-nested-images columns-3 is-cropped wp-block-gallery-7 is-layout-flex wp-block-gallery-is-layout-flex\"><\/figure>\n<\/div>\n<\/div>\n\n\n\n<p>Mon cheval s\u2019incurve difficilement \/ se d\u00e9sunit au galop \/ a des difficult\u00e9s \u00e0 s\u2019engager\u2026<br> Mon chat ne fait pas sa toilette sur certaines zones de son corps \/ refuse les caresses\u2026<br> Mon chien a des difficult\u00e9s \u00e0 se lever \/ rechigne \u00e0 sauter \/ a une d\u00e9marche raide\u2026<br> Mon jeune animal a des d\u00e9fauts d\u2019aplombs<br> Mon chien a une digestion difficile.<\/p>\n\n\n\n<p>Cette liste est donn\u00e9e \u00e0 titre indicatif et ne peut \u00eatre exhaustive. <\/p>\n\n\n\n<figure class=\"wp-block-gallery has-nested-images columns-default is-cropped wp-block-gallery-11 is-layout-flex wp-block-gallery-is-layout-flex\">\n<figure class=\"wp-block-image size-large\"><img decoding=\"async\" loading=\"lazy\" width=\"1024\" height=\"681\" data-id=\"629\" src=\"https:\/\/www.veto-osteo.com\/wp-content\/uploads\/2020\/10\/photo-presentation-1024x681.jpg\" alt=\"\" class=\"wp-image-629\" srcset=\"https:\/\/www.veto-osteo.com\/wp-content\/uploads\/2020\/10\/photo-presentation-1024x681.jpg 1024w, https:\/\/www.veto-osteo.com\/wp-content\/uploads\/2020\/10\/photo-presentation-300x199.jpg 300w, https:\/\/www.veto-osteo.com\/wp-content\/uploads\/2020\/10\/photo-presentation-768x511.jpg 768w\" sizes=\"(max-width: 1024px) 100vw, 1024px\" \/><\/figure>\n\n\n\n<figure class=\"wp-block-image size-full\"><img decoding=\"async\" loading=\"lazy\" width=\"612\" height=\"374\" data-id=\"714\" src=\"https:\/\/www.veto-osteo.com\/wp-content\/uploads\/2021\/02\/10.jpg\" alt=\"\" class=\"wp-image-714\" srcset=\"https:\/\/www.veto-osteo.com\/wp-content\/uploads\/2021\/02\/10.jpg 612w, https:\/\/www.veto-osteo.com\/wp-content\/uploads\/2021\/02\/10-300x183.jpg 300w\" sizes=\"(max-width: 612px) 100vw, 612px\" \/><\/figure>\n\n\n\n<figure class=\"wp-block-image size-large\"><img decoding=\"async\" loading=\"lazy\" width=\"1024\" height=\"760\" data-id=\"530\" src=\"https:\/\/www.veto-osteo.com\/wp-content\/uploads\/2019\/10\/vache-couch\u00e9e-1-1024x760.jpg\" alt=\"\" class=\"wp-image-530\" srcset=\"https:\/\/www.veto-osteo.com\/wp-content\/uploads\/2019\/10\/vache-couch\u00e9e-1-1024x760.jpg 1024w, https:\/\/www.veto-osteo.com\/wp-content\/uploads\/2019\/10\/vache-couch\u00e9e-1-300x223.jpg 300w, https:\/\/www.veto-osteo.com\/wp-content\/uploads\/2019\/10\/vache-couch\u00e9e-1-768x570.jpg 768w\" sizes=\"(max-width: 1024px) 100vw, 1024px\" \/><\/figure>\n<\/figure>\n","protected":false},"excerpt":{"rendered":"<div class=\"slide-text-bg2\"><span>Traitement et pr\u00e9vention par l\u2019ost\u00e9opathie Vous aimez avoir un animal tonique, plein de vitalit\u00e9, bien dans sa peau. Vous cherchez \u00e0 soulager ses dou<\/span><\/div>\n<div class=\"slide-btn-area-sm\"><a href=\"https:\/\/www.veto-osteo.com\/\" class=\"slide-btn-sm\">Lire la suite<\/a><\/div>\n","protected":false},"author":1,"featured_media":0,"parent":0,"menu_order":0,"comment_status":"closed","ping_status":"closed","template":"","meta":{"footnotes":""},"yoast_head":"<!-- This site is optimized with the Yoast SEO plugin v21.0 - https:\/\/yoast.com\/wordpress\/plugins\/seo\/ -->\n<title>Dr Line DESCHAMPS - Veto Osteo Nantes<\/title>\n<meta name=\"robots\" content=\"index, follow, max-snippet:-1, max-image-preview:large, max-video-preview:-1\" \/>\n<link rel=\"canonical\" href=\"https:\/\/www.veto-osteo.com\/\" \/>\n<meta property=\"og:locale\" content=\"fr_FR\" \/>\n<meta property=\"og:type\" content=\"article\" \/>\n<meta property=\"og:title\" content=\"Dr Line DESCHAMPS - Veto Osteo Nantes\" \/>\n<meta property=\"og:description\" content=\"Traitement et pr\u00e9vention par l\u2019ost\u00e9opathie Vous aimez avoir un animal tonique, plein de vitalit\u00e9, bien dans sa peau. Vous cherchez \u00e0 soulager ses douLire la suite\" \/>\n<meta property=\"og:url\" content=\"https:\/\/www.veto-osteo.com\/\" \/>\n<meta property=\"og:site_name\" content=\"Veto Osteo Nantes\" \/>\n<meta property=\"article:modified_time\" content=\"2023-09-04T14:18:54+00:00\" \/>\n<meta property=\"og:image\" content=\"https:\/\/www.veto-osteo.com\/wp-content\/uploads\/2020\/12\/3.jpg\" \/>\n<meta name=\"twitter:card\" content=\"summary_large_image\" \/>\n<meta name=\"twitter:label1\" content=\"Dur\u00e9e de lecture estim\u00e9e\" \/>\n\t<meta name=\"twitter:data1\" content=\"3 minutes\" \/>\n<script type=\"application\/ld+json\" class=\"yoast-schema-graph\">{\"@context\":\"https:\/\/schema.org\",\"@graph\":[{\"@type\":\"WebPage\",\"@id\":\"https:\/\/www.veto-osteo.com\/\",\"url\":\"https:\/\/www.veto-osteo.com\/\",\"name\":\"Dr Line DESCHAMPS - Veto Osteo Nantes\",\"isPartOf\":{\"@id\":\"https:\/\/www.veto-osteo.com\/#website\"},\"datePublished\":\"2020-12-18T23:01:22+00:00\",\"dateModified\":\"2023-09-04T14:18:54+00:00\",\"breadcrumb\":{\"@id\":\"https:\/\/www.veto-osteo.com\/#breadcrumb\"},\"inLanguage\":\"fr-FR\",\"potentialAction\":[{\"@type\":\"ReadAction\",\"target\":[\"https:\/\/www.veto-osteo.com\/\"]}]},{\"@type\":\"BreadcrumbList\",\"@id\":\"https:\/\/www.veto-osteo.com\/#breadcrumb\",\"itemListElement\":[{\"@type\":\"ListItem\",\"position\":1,\"name\":\"Accueil\",\"item\":\"https:\/\/www.veto-osteo.com\/\"},{\"@type\":\"ListItem\",\"position\":2,\"name\":\"Dr Line DESCHAMPS\"}]},{\"@type\":\"WebSite\",\"@id\":\"https:\/\/www.veto-osteo.com\/#website\",\"url\":\"https:\/\/www.veto-osteo.com\/\",\"name\":\"Veto osteo\",\"description\":\"Line DESCHAMPS\",\"publisher\":{\"@id\":\"https:\/\/www.veto-osteo.com\/#\/schema\/person\/c3bfd90589937475d4b8c31a0ddadcaf\"},\"potentialAction\":[{\"@type\":\"SearchAction\",\"target\":{\"@type\":\"EntryPoint\",\"urlTemplate\":\"https:\/\/www.veto-osteo.com\/?s={search_term_string}\"},\"query-input\":\"required name=search_term_string\"}],\"inLanguage\":\"fr-FR\"},{\"@type\":[\"Person\",\"Organization\"],\"@id\":\"https:\/\/www.veto-osteo.com\/#\/schema\/person\/c3bfd90589937475d4b8c31a0ddadcaf\",\"name\":\"Line Deschamps\",\"image\":{\"@type\":\"ImageObject\",\"inLanguage\":\"fr-FR\",\"@id\":\"https:\/\/www.veto-osteo.com\/#\/schema\/person\/image\/\",\"url\":\"https:\/\/secure.gravatar.com\/avatar\/df04f3fd00afa2ac5354b12397b653e9?s=96&d=mm&r=g\",\"contentUrl\":\"https:\/\/secure.gravatar.com\/avatar\/df04f3fd00afa2ac5354b12397b653e9?s=96&d=mm&r=g\",\"caption\":\"Line Deschamps\"},\"logo\":{\"@id\":\"https:\/\/www.veto-osteo.com\/#\/schema\/person\/image\/\"},\"sameAs\":[\"http:\/\/veto-osteo.com\"]}]}<\/script>\n<!-- \/ Yoast SEO plugin. -->","yoast_head_json":{"title":"Dr Line DESCHAMPS - Veto Osteo Nantes","robots":{"index":"index","follow":"follow","max-snippet":"max-snippet:-1","max-image-preview":"max-image-preview:large","max-video-preview":"max-video-preview:-1"},"canonical":"https:\/\/www.veto-osteo.com\/","og_locale":"fr_FR","og_type":"article","og_title":"Dr Line DESCHAMPS - Veto Osteo Nantes","og_description":"Traitement et pr\u00e9vention par l\u2019ost\u00e9opathie Vous aimez avoir un animal tonique, plein de vitalit\u00e9, bien dans sa peau. Vous cherchez \u00e0 soulager ses douLire la suite","og_url":"https:\/\/www.veto-osteo.com\/","og_site_name":"Veto Osteo Nantes","article_modified_time":"2023-09-04T14:18:54+00:00","og_image":[{"url":"https:\/\/www.veto-osteo.com\/wp-content\/uploads\/2020\/12\/3.jpg"}],"twitter_card":"summary_large_image","twitter_misc":{"Dur\u00e9e de lecture estim\u00e9e":"3 minutes"},"schema":{"@context":"https:\/\/schema.org","@graph":[{"@type":"WebPage","@id":"https:\/\/www.veto-osteo.com\/","url":"https:\/\/www.veto-osteo.com\/","name":"Dr Line DESCHAMPS - Veto Osteo Nantes","isPartOf":{"@id":"https:\/\/www.veto-osteo.com\/#website"},"datePublished":"2020-12-18T23:01:22+00:00","dateModified":"2023-09-04T14:18:54+00:00","breadcrumb":{"@id":"https:\/\/www.veto-osteo.com\/#breadcrumb"},"inLanguage":"fr-FR","potentialAction":[{"@type":"ReadAction","target":["https:\/\/www.veto-osteo.com\/"]}]},{"@type":"BreadcrumbList","@id":"https:\/\/www.veto-osteo.com\/#breadcrumb","itemListElement":[{"@type":"ListItem","position":1,"name":"Accueil","item":"https:\/\/www.veto-osteo.com\/"},{"@type":"ListItem","position":2,"name":"Dr Line DESCHAMPS"}]},{"@type":"WebSite","@id":"https:\/\/www.veto-osteo.com\/#website","url":"https:\/\/www.veto-osteo.com\/","name":"Veto osteo","description":"Line DESCHAMPS","publisher":{"@id":"https:\/\/www.veto-osteo.com\/#\/schema\/person\/c3bfd90589937475d4b8c31a0ddadcaf"},"potentialAction":[{"@type":"SearchAction","target":{"@type":"EntryPoint","urlTemplate":"https:\/\/www.veto-osteo.com\/?s={search_term_string}"},"query-input":"required name=search_term_string"}],"inLanguage":"fr-FR"},{"@type":["Person","Organization"],"@id":"https:\/\/www.veto-osteo.com\/#\/schema\/person\/c3bfd90589937475d4b8c31a0ddadcaf","name":"Line Deschamps","image":{"@type":"ImageObject","inLanguage":"fr-FR","@id":"https:\/\/www.veto-osteo.com\/#\/schema\/person\/image\/","url":"https:\/\/secure.gravatar.com\/avatar\/df04f3fd00afa2ac5354b12397b653e9?s=96&d=mm&r=g","contentUrl":"https:\/\/secure.gravatar.com\/avatar\/df04f3fd00afa2ac5354b12397b653e9?s=96&d=mm&r=g","caption":"Line Deschamps"},"logo":{"@id":"https:\/\/www.veto-osteo.com\/#\/schema\/person\/image\/"},"sameAs":["http:\/\/veto-osteo.com"]}]}},"_links":{"self":[{"href":"https:\/\/www.veto-osteo.com\/index.php\/wp-json\/wp\/v2\/pages\/645"}],"collection":[{"href":"https:\/\/www.veto-osteo.com\/index.php\/wp-json\/wp\/v2\/pages"}],"about":[{"href":"https:\/\/www.veto-osteo.com\/index.php\/wp-json\/wp\/v2\/types\/page"}],"author":[{"embeddable":true,"href":"https:\/\/www.veto-osteo.com\/index.php\/wp-json\/wp\/v2\/users\/1"}],"replies":[{"embeddable":true,"href":"https:\/\/www.veto-osteo.com\/index.php\/wp-json\/wp\/v2\/comments?post=645"}],"version-history":[{"count":13,"href":"https:\/\/www.veto-osteo.com\/index.php\/wp-json\/wp\/v2\/pages\/645\/revisions"}],"predecessor-version":[{"id":789,"href":"https:\/\/www.veto-osteo.com\/index.php\/wp-json\/wp\/v2\/pages\/645\/revisions\/789"}],"wp:attachment":[{"href":"https:\/\/www.veto-osteo.com\/index.php\/wp-json\/wp\/v2\/media?parent=645"}],"curies":[{"name":"wp","href":"https:\/\/api.w.org\/{rel}","templated":true}]}}