{"id":591,"date":"2020-12-19T12:04:07","date_gmt":"2020-12-19T11:04:07","guid":{"rendered":"http:\/\/veto-osteo.com\/?page_id=591"},"modified":"2023-09-04T15:53:33","modified_gmt":"2023-09-04T13:53:33","slug":"reeducation-fonctionnelle-et-physiotherapie","status":"publish","type":"page","link":"https:\/\/www.veto-osteo.com\/index.php\/reeducation-fonctionnelle-et-physiotherapie\/","title":{"rendered":"R\u00e9\u00e9ducation fonctionnelle et physioth\u00e9rapie"},"content":{"rendered":"\n<p>La physioth\u00e9rapie s\u2019inscrit comme un outil de traitement compl\u00e9mentaire \u00e0 la chirurgie et \u00e0 la m\u00e9dication dans le cadre d\u2019une approche th\u00e9rapeutique multimodale.<br>\nUtilisant des agents physiques naturels ou artificiels, la physioth\u00e9rapie vise \u00e0 restaurer \u2013 ou conserver \u2013 l\u2019activit\u00e9 locomotrice du corps, mais trouve aussi sa place dans la gestion de la douleur et la cicatrisation des tissus.<\/p>\n\n\n\n<figure class=\"wp-block-gallery has-nested-images columns-default is-cropped wp-block-gallery-1 is-layout-flex wp-block-gallery-is-layout-flex\">\n<figure class=\"wp-block-image\"><img decoding=\"async\" loading=\"lazy\" width=\"612\" height=\"408\" data-id=\"676\" src=\"https:\/\/www.veto-osteo.com\/wp-content\/uploads\/2020\/12\/20.jpg\" alt=\"\" class=\"wp-image-676\" srcset=\"https:\/\/www.veto-osteo.com\/wp-content\/uploads\/2020\/12\/20.jpg 612w, https:\/\/www.veto-osteo.com\/wp-content\/uploads\/2020\/12\/20-300x200.jpg 300w\" sizes=\"(max-width: 612px) 100vw, 612px\" \/><\/figure>\n\n\n\n<figure class=\"wp-block-image\"><img decoding=\"async\" loading=\"lazy\" width=\"1024\" height=\"597\" data-id=\"678\" src=\"https:\/\/www.veto-osteo.com\/wp-content\/uploads\/2020\/12\/21-1-1024x597.jpg\" alt=\"\" class=\"wp-image-678\" srcset=\"https:\/\/www.veto-osteo.com\/wp-content\/uploads\/2020\/12\/21-1-1024x597.jpg 1024w, https:\/\/www.veto-osteo.com\/wp-content\/uploads\/2020\/12\/21-1-300x175.jpg 300w, https:\/\/www.veto-osteo.com\/wp-content\/uploads\/2020\/12\/21-1-768x447.jpg 768w\" sizes=\"(max-width: 1024px) 100vw, 1024px\" \/><\/figure>\n\n\n\n<figure class=\"wp-block-image\"><img decoding=\"async\" loading=\"lazy\" width=\"1024\" height=\"684\" data-id=\"679\" src=\"https:\/\/www.veto-osteo.com\/wp-content\/uploads\/2020\/12\/hydro-test-mobilit\u00e9-1024x684.jpg\" alt=\"\" class=\"wp-image-679\" srcset=\"https:\/\/www.veto-osteo.com\/wp-content\/uploads\/2020\/12\/hydro-test-mobilit\u00e9-1024x684.jpg 1024w, https:\/\/www.veto-osteo.com\/wp-content\/uploads\/2020\/12\/hydro-test-mobilit\u00e9-300x200.jpg 300w, https:\/\/www.veto-osteo.com\/wp-content\/uploads\/2020\/12\/hydro-test-mobilit\u00e9-768x513.jpg 768w\" sizes=\"(max-width: 1024px) 100vw, 1024px\" \/><\/figure>\n\n\n\n<figure class=\"wp-block-image\"><img decoding=\"async\" loading=\"lazy\" width=\"1024\" height=\"1000\" data-id=\"680\" src=\"https:\/\/www.veto-osteo.com\/wp-content\/uploads\/2020\/12\/boxer-hydro-1024x1000.jpg\" alt=\"\" class=\"wp-image-680\" srcset=\"https:\/\/www.veto-osteo.com\/wp-content\/uploads\/2020\/12\/boxer-hydro-1024x1000.jpg 1024w, https:\/\/www.veto-osteo.com\/wp-content\/uploads\/2020\/12\/boxer-hydro-300x293.jpg 300w, https:\/\/www.veto-osteo.com\/wp-content\/uploads\/2020\/12\/boxer-hydro-768x750.jpg 768w\" sizes=\"(max-width: 1024px) 100vw, 1024px\" \/><\/figure>\n\n\n\n<figure class=\"wp-block-image\"><img decoding=\"async\" loading=\"lazy\" width=\"684\" height=\"1024\" data-id=\"681\" src=\"https:\/\/www.veto-osteo.com\/wp-content\/uploads\/2020\/12\/hydro-concentr-684x1024.jpg\" alt=\"\" class=\"wp-image-681\" srcset=\"https:\/\/www.veto-osteo.com\/wp-content\/uploads\/2020\/12\/hydro-concentr-684x1024.jpg 684w, https:\/\/www.veto-osteo.com\/wp-content\/uploads\/2020\/12\/hydro-concentr-200x300.jpg 200w, https:\/\/www.veto-osteo.com\/wp-content\/uploads\/2020\/12\/hydro-concentr-768x1150.jpg 768w\" sizes=\"(max-width: 684px) 100vw, 684px\" \/><\/figure>\n<\/figure>\n\n\n\n<p><\/p>\n\n\n\n<h2 class=\"wp-block-heading\">Pathologies orthop\u00e9diques<\/h2>\n\n\n\n<h3 class=\"wp-block-heading\">Affections ost\u00e9oarticulaires <\/h3>\n\n\n\n<p>Dysplasies, malformations<br>Arthrose<br>Rupture du ligament crois\u00e9 cr\u00e2nial<br>Fractures <br>Luxation de la rotule<br>Entorse<br>Amputations<br>\u2026<\/p>\n\n\n\n<h3 class=\"wp-block-heading\">Affections musculo-tendineuses <\/h3>\n\n\n\n<p>Perte de tonus et\/ou de volume musculaire<br>Contractures musculaires<br>Fibrose musculaire<br>D\u00e9chirures musculaires<br>Ruptures tendineuses<br>Tendinites\u2026<\/p>\n\n\n\n<h2 class=\"wp-block-heading\">Pathologies neurologiques<\/h2>\n\n\n\n<p>Hernie discale<br>Syndrome queue de cheval<br>Embolie fibro-cartilagineuse<br>Spondylose vert\u00e9brale<br>Fracture, luxation vert\u00e9brale<br>Atteinte des nerfs p\u00e9riph\u00e9riques<br>My\u00e9lopathie d\u00e9g\u00e9n\u00e9rative<br>AVC\u2026<\/p>\n\n\n\n<h2 class=\"wp-block-heading\">G\u00e9riatrie<\/h2>\n\n\n\n<p>Arthrose<br>D\u00e9g\u00e9n\u00e9rescences nerveuses<br>Surpoids<br>Fonte musculaire, restrictions d\u2019amplitudes articulaires<br>Perte de mobilit\u00e9 d\u2019une fa\u00e7on g\u00e9n\u00e9rale<br>Pr\u00e9vention ou rupture du cercle vicieux de la s\u00e9dentarit\u00e9\u2026<\/p>\n\n\n\n<figure class=\"wp-block-gallery has-nested-images columns-default is-cropped wp-block-gallery-3 is-layout-flex wp-block-gallery-is-layout-flex\">\n<figure class=\"wp-block-image\"><img decoding=\"async\" loading=\"lazy\" width=\"612\" height=\"459\" data-id=\"682\" src=\"https:\/\/www.veto-osteo.com\/wp-content\/uploads\/2020\/12\/23.jpg\" alt=\"\" class=\"wp-image-682\" srcset=\"https:\/\/www.veto-osteo.com\/wp-content\/uploads\/2020\/12\/23.jpg 612w, https:\/\/www.veto-osteo.com\/wp-content\/uploads\/2020\/12\/23-300x225.jpg 300w\" sizes=\"(max-width: 612px) 100vw, 612px\" \/><\/figure>\n\n\n\n<figure class=\"wp-block-image\"><img decoding=\"async\" loading=\"lazy\" width=\"612\" height=\"408\" data-id=\"683\" src=\"https:\/\/www.veto-osteo.com\/wp-content\/uploads\/2020\/12\/24.jpg\" alt=\"\" class=\"wp-image-683\" srcset=\"https:\/\/www.veto-osteo.com\/wp-content\/uploads\/2020\/12\/24.jpg 612w, https:\/\/www.veto-osteo.com\/wp-content\/uploads\/2020\/12\/24-300x200.jpg 300w\" sizes=\"(max-width: 612px) 100vw, 612px\" \/><\/figure>\n\n\n\n<figure class=\"wp-block-image\"><img decoding=\"async\" loading=\"lazy\" width=\"1024\" height=\"683\" data-id=\"684\" src=\"https:\/\/www.veto-osteo.com\/wp-content\/uploads\/2020\/12\/22-1024x683.jpg\" alt=\"\" class=\"wp-image-684\" srcset=\"https:\/\/www.veto-osteo.com\/wp-content\/uploads\/2020\/12\/22-1024x683.jpg 1024w, https:\/\/www.veto-osteo.com\/wp-content\/uploads\/2020\/12\/22-300x200.jpg 300w, https:\/\/www.veto-osteo.com\/wp-content\/uploads\/2020\/12\/22-768x512.jpg 768w\" sizes=\"(max-width: 1024px) 100vw, 1024px\" \/><\/figure>\n<\/figure>\n\n\n\n<p>Le plan de r\u00e9\u00e9ducation \/ physioth\u00e9rapie sera choisi en fonction de la pathologie, mais aussi en fonction du bilan algique et fonctionnel de l\u2019animal, de sa r\u00e9action face aux diff\u00e9rentes techniques, de la disponibilit\u00e9 temporelle et financi\u00e8re des propri\u00e9taires, et des attentes de ces derniers. Ce plan sera r\u00e9\u00e9valu\u00e9 \u00e0 chaque d\u00e9but de s\u00e9ance voire m\u00eame en cours de s\u00e9ance.<\/p>\n\n\n\n<p>Il n\u2019y a pas un nombre minimum de s\u00e9ances \u00e0 respecter, la r\u00e9\u00e9ducation fonctionnelle ne r\u00e9pondant pas \u00e0 la loi \u00ab du tout ou rien \u00bb. De fa\u00e7on certaine, il vaut mieux r\u00e9aliser peu de s\u00e9ances qu\u2019aucune s\u00e9ance.<\/p>\n\n\n\n<p>Les consultations seront assur\u00e9es \u00e0 la clinique V\u00e9toc\u00e9ane.<\/p>\n","protected":false},"excerpt":{"rendered":"<div class=\"slide-text-bg2\"><span>La physioth\u00e9rapie s\u2019inscrit comme un outil de traitement compl\u00e9mentaire \u00e0 la chirurgie et \u00e0 la m\u00e9dication dans le cadre d\u2019une approche th\u00e9rapeuti<\/span><\/div>\n<div class=\"slide-btn-area-sm\"><a href=\"https:\/\/www.veto-osteo.com\/index.php\/reeducation-fonctionnelle-et-physiotherapie\/\" class=\"slide-btn-sm\">Lire la suite<\/a><\/div>\n","protected":false},"author":1,"featured_media":0,"parent":0,"menu_order":0,"comment_status":"closed","ping_status":"closed","template":"","meta":{"footnotes":""},"yoast_head":"<!-- This site is optimized with the Yoast SEO plugin v21.0 - https:\/\/yoast.com\/wordpress\/plugins\/seo\/ -->\n<title>R\u00e9\u00e9ducation fonctionnelle et physioth\u00e9rapie - Veto Osteo Nantes<\/title>\n<meta name=\"robots\" content=\"index, follow, max-snippet:-1, max-image-preview:large, max-video-preview:-1\" \/>\n<link rel=\"canonical\" href=\"https:\/\/www.veto-osteo.com\/index.php\/reeducation-fonctionnelle-et-physiotherapie\/\" \/>\n<meta property=\"og:locale\" content=\"fr_FR\" \/>\n<meta property=\"og:type\" content=\"article\" \/>\n<meta property=\"og:title\" content=\"R\u00e9\u00e9ducation fonctionnelle et physioth\u00e9rapie - Veto Osteo Nantes\" \/>\n<meta property=\"og:description\" content=\"La physioth\u00e9rapie s\u2019inscrit comme un outil de traitement compl\u00e9mentaire \u00e0 la chirurgie et \u00e0 la m\u00e9dication dans le cadre d\u2019une approche th\u00e9rapeutiLire la suite\" \/>\n<meta property=\"og:url\" content=\"https:\/\/www.veto-osteo.com\/index.php\/reeducation-fonctionnelle-et-physiotherapie\/\" \/>\n<meta property=\"og:site_name\" content=\"Veto Osteo Nantes\" \/>\n<meta property=\"article:modified_time\" content=\"2023-09-04T13:53:33+00:00\" \/>\n<meta property=\"og:image\" content=\"https:\/\/www.veto-osteo.com\/wp-content\/uploads\/2020\/12\/20.jpg\" \/>\n<meta name=\"twitter:card\" content=\"summary_large_image\" \/>\n<meta name=\"twitter:label1\" content=\"Dur\u00e9e de lecture estim\u00e9e\" \/>\n\t<meta name=\"twitter:data1\" content=\"3 minutes\" \/>\n<script type=\"application\/ld+json\" class=\"yoast-schema-graph\">{\"@context\":\"https:\/\/schema.org\",\"@graph\":[{\"@type\":\"WebPage\",\"@id\":\"https:\/\/www.veto-osteo.com\/index.php\/reeducation-fonctionnelle-et-physiotherapie\/\",\"url\":\"https:\/\/www.veto-osteo.com\/index.php\/reeducation-fonctionnelle-et-physiotherapie\/\",\"name\":\"R\u00e9\u00e9ducation fonctionnelle et physioth\u00e9rapie - Veto Osteo Nantes\",\"isPartOf\":{\"@id\":\"https:\/\/www.veto-osteo.com\/#website\"},\"datePublished\":\"2020-12-19T11:04:07+00:00\",\"dateModified\":\"2023-09-04T13:53:33+00:00\",\"breadcrumb\":{\"@id\":\"https:\/\/www.veto-osteo.com\/index.php\/reeducation-fonctionnelle-et-physiotherapie\/#breadcrumb\"},\"inLanguage\":\"fr-FR\",\"potentialAction\":[{\"@type\":\"ReadAction\",\"target\":[\"https:\/\/www.veto-osteo.com\/index.php\/reeducation-fonctionnelle-et-physiotherapie\/\"]}]},{\"@type\":\"BreadcrumbList\",\"@id\":\"https:\/\/www.veto-osteo.com\/index.php\/reeducation-fonctionnelle-et-physiotherapie\/#breadcrumb\",\"itemListElement\":[{\"@type\":\"ListItem\",\"position\":1,\"name\":\"Accueil\",\"item\":\"https:\/\/www.veto-osteo.com\/\"},{\"@type\":\"ListItem\",\"position\":2,\"name\":\"R\u00e9\u00e9ducation fonctionnelle et physioth\u00e9rapie\"}]},{\"@type\":\"WebSite\",\"@id\":\"https:\/\/www.veto-osteo.com\/#website\",\"url\":\"https:\/\/www.veto-osteo.com\/\",\"name\":\"Veto osteo\",\"description\":\"Line DESCHAMPS\",\"publisher\":{\"@id\":\"https:\/\/www.veto-osteo.com\/#\/schema\/person\/c3bfd90589937475d4b8c31a0ddadcaf\"},\"potentialAction\":[{\"@type\":\"SearchAction\",\"target\":{\"@type\":\"EntryPoint\",\"urlTemplate\":\"https:\/\/www.veto-osteo.com\/?s={search_term_string}\"},\"query-input\":\"required name=search_term_string\"}],\"inLanguage\":\"fr-FR\"},{\"@type\":[\"Person\",\"Organization\"],\"@id\":\"https:\/\/www.veto-osteo.com\/#\/schema\/person\/c3bfd90589937475d4b8c31a0ddadcaf\",\"name\":\"Line Deschamps\",\"image\":{\"@type\":\"ImageObject\",\"inLanguage\":\"fr-FR\",\"@id\":\"https:\/\/www.veto-osteo.com\/#\/schema\/person\/image\/\",\"url\":\"https:\/\/secure.gravatar.com\/avatar\/df04f3fd00afa2ac5354b12397b653e9?s=96&d=mm&r=g\",\"contentUrl\":\"https:\/\/secure.gravatar.com\/avatar\/df04f3fd00afa2ac5354b12397b653e9?s=96&d=mm&r=g\",\"caption\":\"Line Deschamps\"},\"logo\":{\"@id\":\"https:\/\/www.veto-osteo.com\/#\/schema\/person\/image\/\"},\"sameAs\":[\"http:\/\/veto-osteo.com\"]}]}<\/script>\n<!-- \/ Yoast SEO plugin. -->","yoast_head_json":{"title":"R\u00e9\u00e9ducation fonctionnelle et physioth\u00e9rapie - Veto Osteo Nantes","robots":{"index":"index","follow":"follow","max-snippet":"max-snippet:-1","max-image-preview":"max-image-preview:large","max-video-preview":"max-video-preview:-1"},"canonical":"https:\/\/www.veto-osteo.com\/index.php\/reeducation-fonctionnelle-et-physiotherapie\/","og_locale":"fr_FR","og_type":"article","og_title":"R\u00e9\u00e9ducation fonctionnelle et physioth\u00e9rapie - Veto Osteo Nantes","og_description":"La physioth\u00e9rapie s\u2019inscrit comme un outil de traitement compl\u00e9mentaire \u00e0 la chirurgie et \u00e0 la m\u00e9dication dans le cadre d\u2019une approche th\u00e9rapeutiLire la suite","og_url":"https:\/\/www.veto-osteo.com\/index.php\/reeducation-fonctionnelle-et-physiotherapie\/","og_site_name":"Veto Osteo Nantes","article_modified_time":"2023-09-04T13:53:33+00:00","og_image":[{"url":"https:\/\/www.veto-osteo.com\/wp-content\/uploads\/2020\/12\/20.jpg"}],"twitter_card":"summary_large_image","twitter_misc":{"Dur\u00e9e de lecture estim\u00e9e":"3 minutes"},"schema":{"@context":"https:\/\/schema.org","@graph":[{"@type":"WebPage","@id":"https:\/\/www.veto-osteo.com\/index.php\/reeducation-fonctionnelle-et-physiotherapie\/","url":"https:\/\/www.veto-osteo.com\/index.php\/reeducation-fonctionnelle-et-physiotherapie\/","name":"R\u00e9\u00e9ducation fonctionnelle et physioth\u00e9rapie - Veto Osteo Nantes","isPartOf":{"@id":"https:\/\/www.veto-osteo.com\/#website"},"datePublished":"2020-12-19T11:04:07+00:00","dateModified":"2023-09-04T13:53:33+00:00","breadcrumb":{"@id":"https:\/\/www.veto-osteo.com\/index.php\/reeducation-fonctionnelle-et-physiotherapie\/#breadcrumb"},"inLanguage":"fr-FR","potentialAction":[{"@type":"ReadAction","target":["https:\/\/www.veto-osteo.com\/index.php\/reeducation-fonctionnelle-et-physiotherapie\/"]}]},{"@type":"BreadcrumbList","@id":"https:\/\/www.veto-osteo.com\/index.php\/reeducation-fonctionnelle-et-physiotherapie\/#breadcrumb","itemListElement":[{"@type":"ListItem","position":1,"name":"Accueil","item":"https:\/\/www.veto-osteo.com\/"},{"@type":"ListItem","position":2,"name":"R\u00e9\u00e9ducation fonctionnelle et physioth\u00e9rapie"}]},{"@type":"WebSite","@id":"https:\/\/www.veto-osteo.com\/#website","url":"https:\/\/www.veto-osteo.com\/","name":"Veto osteo","description":"Line DESCHAMPS","publisher":{"@id":"https:\/\/www.veto-osteo.com\/#\/schema\/person\/c3bfd90589937475d4b8c31a0ddadcaf"},"potentialAction":[{"@type":"SearchAction","target":{"@type":"EntryPoint","urlTemplate":"https:\/\/www.veto-osteo.com\/?s={search_term_string}"},"query-input":"required name=search_term_string"}],"inLanguage":"fr-FR"},{"@type":["Person","Organization"],"@id":"https:\/\/www.veto-osteo.com\/#\/schema\/person\/c3bfd90589937475d4b8c31a0ddadcaf","name":"Line Deschamps","image":{"@type":"ImageObject","inLanguage":"fr-FR","@id":"https:\/\/www.veto-osteo.com\/#\/schema\/person\/image\/","url":"https:\/\/secure.gravatar.com\/avatar\/df04f3fd00afa2ac5354b12397b653e9?s=96&d=mm&r=g","contentUrl":"https:\/\/secure.gravatar.com\/avatar\/df04f3fd00afa2ac5354b12397b653e9?s=96&d=mm&r=g","caption":"Line Deschamps"},"logo":{"@id":"https:\/\/www.veto-osteo.com\/#\/schema\/person\/image\/"},"sameAs":["http:\/\/veto-osteo.com"]}]}},"_links":{"self":[{"href":"https:\/\/www.veto-osteo.com\/index.php\/wp-json\/wp\/v2\/pages\/591"}],"collection":[{"href":"https:\/\/www.veto-osteo.com\/index.php\/wp-json\/wp\/v2\/pages"}],"about":[{"href":"https:\/\/www.veto-osteo.com\/index.php\/wp-json\/wp\/v2\/types\/page"}],"author":[{"embeddable":true,"href":"https:\/\/www.veto-osteo.com\/index.php\/wp-json\/wp\/v2\/users\/1"}],"replies":[{"embeddable":true,"href":"https:\/\/www.veto-osteo.com\/index.php\/wp-json\/wp\/v2\/comments?post=591"}],"version-history":[{"count":5,"href":"https:\/\/www.veto-osteo.com\/index.php\/wp-json\/wp\/v2\/pages\/591\/revisions"}],"predecessor-version":[{"id":758,"href":"https:\/\/www.veto-osteo.com\/index.php\/wp-json\/wp\/v2\/pages\/591\/revisions\/758"}],"wp:attachment":[{"href":"https:\/\/www.veto-osteo.com\/index.php\/wp-json\/wp\/v2\/media?parent=591"}],"curies":[{"name":"wp","href":"https:\/\/api.w.org\/{rel}","templated":true}]}}