{"id":161,"date":"2017-08-31T07:34:31","date_gmt":"2017-08-31T06:34:31","guid":{"rendered":"http:\/\/veto-osteo.com\/?page_id=161"},"modified":"2026-04-23T00:31:00","modified_gmt":"2026-04-22T22:31:00","slug":"contact","status":"publish","type":"page","link":"https:\/\/www.veto-osteo.com\/index.php\/contact\/","title":{"rendered":"Contact"},"content":{"rendered":"\n<p class=\"has-vivid-cyan-blue-color has-text-color has-medium-font-size\">Dr Line DESCHAMPS : 06.08.68.06.88<br>drlinedeschamps@gmail.com<\/p>\n\n\n\n<figure class=\"wp-block-image size-large is-resized\"><img decoding=\"async\" loading=\"lazy\" width=\"689\" height=\"1024\" src=\"https:\/\/www.veto-osteo.com\/wp-content\/uploads\/2023\/09\/1693833485102-689x1024.jpg\" alt=\"\" class=\"wp-image-736\" style=\"width:175px;height:259px\" srcset=\"https:\/\/www.veto-osteo.com\/wp-content\/uploads\/2023\/09\/1693833485102-689x1024.jpg 689w, https:\/\/www.veto-osteo.com\/wp-content\/uploads\/2023\/09\/1693833485102-202x300.jpg 202w, https:\/\/www.veto-osteo.com\/wp-content\/uploads\/2023\/09\/1693833485102-768x1142.jpg 768w, https:\/\/www.veto-osteo.com\/wp-content\/uploads\/2023\/09\/1693833485102-1033x1536.jpg 1033w, https:\/\/www.veto-osteo.com\/wp-content\/uploads\/2023\/09\/1693833485102-1377x2048.jpg 1377w, https:\/\/www.veto-osteo.com\/wp-content\/uploads\/2023\/09\/1693833485102-scaled.jpg 1722w\" sizes=\"(max-width: 689px) 100vw, 689px\" \/><\/figure>\n\n\n\n<p><\/p>\n\n\n\n<h2 class=\"wp-block-heading\">Lieux des consultations<\/h2>\n\n\n\n<h3 class=\"wp-block-heading has-vivid-cyan-blue-color has-text-color\">&#8211; <em>Clinique v\u00e9t\u00e9rinaire V\u00e9toc\u00e9ane<\/em><\/h3>\n\n\n\n<p>9 All\u00e9e Alphonse Fillion, 44120 Vertou<\/p>\n\n\n\n<p>02.40.05.12.13<\/p>\n\n\n\n<p>contact@vetoceane.fr<\/p>\n\n\n\n<h3 class=\"wp-block-heading has-vivid-cyan-blue-color has-text-color\">&#8211;  <em>Clinique v\u00e9t\u00e9rinaire Digavet<\/em><\/h3>\n\n\n\n<p>3 Boulevard Alex Auvinet<\/p>\n\n\n\n<p>85600 MONTAIGU<\/p>\n\n\n\n<p>02.51.94.01.85<\/p>\n\n\n\n<h3 class=\"wp-block-heading has-vivid-cyan-blue-color has-text-color\">&#8211; <em>En tourn\u00e9e<\/em><\/h3>\n\n\n\n<p>d\u00e9partements 44\/85\/49<\/p>\n\n\n\n<figure class=\"wp-block-gallery has-nested-images columns-default is-cropped wp-block-gallery-1 is-layout-flex wp-block-gallery-is-layout-flex\">\n<figure class=\"wp-block-image size-large\"><img decoding=\"async\" loading=\"lazy\" width=\"1024\" height=\"681\" data-id=\"629\" src=\"https:\/\/www.veto-osteo.com\/wp-content\/uploads\/2020\/10\/photo-presentation-1024x681.jpg\" alt=\"\" class=\"wp-image-629\" srcset=\"https:\/\/www.veto-osteo.com\/wp-content\/uploads\/2020\/10\/photo-presentation-1024x681.jpg 1024w, https:\/\/www.veto-osteo.com\/wp-content\/uploads\/2020\/10\/photo-presentation-300x199.jpg 300w, https:\/\/www.veto-osteo.com\/wp-content\/uploads\/2020\/10\/photo-presentation-768x511.jpg 768w\" sizes=\"(max-width: 1024px) 100vw, 1024px\" \/><\/figure>\n\n\n\n<figure class=\"wp-block-image size-large\"><img decoding=\"async\" loading=\"lazy\" width=\"1024\" height=\"760\" data-id=\"530\" src=\"https:\/\/www.veto-osteo.com\/wp-content\/uploads\/2019\/10\/vache-couch\u00e9e-1-1024x760.jpg\" alt=\"\" class=\"wp-image-530\" srcset=\"https:\/\/www.veto-osteo.com\/wp-content\/uploads\/2019\/10\/vache-couch\u00e9e-1-1024x760.jpg 1024w, https:\/\/www.veto-osteo.com\/wp-content\/uploads\/2019\/10\/vache-couch\u00e9e-1-300x223.jpg 300w, https:\/\/www.veto-osteo.com\/wp-content\/uploads\/2019\/10\/vache-couch\u00e9e-1-768x570.jpg 768w\" sizes=\"(max-width: 1024px) 100vw, 1024px\" \/><\/figure>\n\n\n\n<figure class=\"wp-block-image size-full\"><img decoding=\"async\" loading=\"lazy\" width=\"612\" height=\"408\" data-id=\"652\" src=\"https:\/\/www.veto-osteo.com\/wp-content\/uploads\/2020\/12\/6.jpg\" alt=\"\" class=\"wp-image-652\" srcset=\"https:\/\/www.veto-osteo.com\/wp-content\/uploads\/2020\/12\/6.jpg 612w, https:\/\/www.veto-osteo.com\/wp-content\/uploads\/2020\/12\/6-300x200.jpg 300w\" sizes=\"(max-width: 612px) 100vw, 612px\" \/><\/figure>\n<\/figure>\n","protected":false},"excerpt":{"rendered":"<div class=\"slide-text-bg2\"><span>Dr Line DESCHAMPS : 06.08.68.06.88drlinedeschamps@gmail.com Lieux des consultations &#8211; Clinique v\u00e9t\u00e9rinaire V\u00e9toc\u00e9ane 9 All\u00e9e Alphonse Fillion, 4<\/span><\/div>\n<div class=\"slide-btn-area-sm\"><a href=\"https:\/\/www.veto-osteo.com\/index.php\/contact\/\" class=\"slide-btn-sm\">Lire la suite<\/a><\/div>\n","protected":false},"author":2,"featured_media":565,"parent":0,"menu_order":0,"comment_status":"closed","ping_status":"closed","template":"","meta":{"footnotes":""},"yoast_head":"<!-- This site is optimized with the Yoast SEO plugin v21.0 - https:\/\/yoast.com\/wordpress\/plugins\/seo\/ -->\n<title>Contact - Veto Osteo Nantes<\/title>\n<meta name=\"robots\" content=\"index, follow, max-snippet:-1, max-image-preview:large, max-video-preview:-1\" \/>\n<link rel=\"canonical\" href=\"https:\/\/www.veto-osteo.com\/index.php\/contact\/\" \/>\n<meta property=\"og:locale\" content=\"fr_FR\" \/>\n<meta property=\"og:type\" content=\"article\" \/>\n<meta property=\"og:title\" content=\"Contact - Veto Osteo Nantes\" \/>\n<meta property=\"og:description\" content=\"Dr Line DESCHAMPS : 06.08.68.06.88drlinedeschamps@gmail.com Lieux des consultations &#8211; Clinique v\u00e9t\u00e9rinaire V\u00e9toc\u00e9ane 9 All\u00e9e Alphonse Fillion, 4Lire la suite\" \/>\n<meta property=\"og:url\" content=\"https:\/\/www.veto-osteo.com\/index.php\/contact\/\" \/>\n<meta property=\"og:site_name\" content=\"Veto Osteo Nantes\" \/>\n<meta property=\"article:modified_time\" content=\"2026-04-22T22:31:00+00:00\" \/>\n<meta property=\"og:image\" content=\"https:\/\/www.veto-osteo.com\/wp-content\/uploads\/2019\/10\/line_royal.jpg\" \/>\n\t<meta property=\"og:image:width\" content=\"300\" \/>\n\t<meta property=\"og:image:height\" content=\"199\" \/>\n\t<meta property=\"og:image:type\" content=\"image\/jpeg\" \/>\n<meta name=\"twitter:card\" content=\"summary_large_image\" \/>\n<meta name=\"twitter:label1\" content=\"Dur\u00e9e de lecture estim\u00e9e\" \/>\n\t<meta name=\"twitter:data1\" content=\"1 minute\" \/>\n<script type=\"application\/ld+json\" class=\"yoast-schema-graph\">{\"@context\":\"https:\/\/schema.org\",\"@graph\":[{\"@type\":\"WebPage\",\"@id\":\"https:\/\/www.veto-osteo.com\/index.php\/contact\/\",\"url\":\"https:\/\/www.veto-osteo.com\/index.php\/contact\/\",\"name\":\"Contact - Veto Osteo Nantes\",\"isPartOf\":{\"@id\":\"https:\/\/www.veto-osteo.com\/#website\"},\"datePublished\":\"2017-08-31T06:34:31+00:00\",\"dateModified\":\"2026-04-22T22:31:00+00:00\",\"breadcrumb\":{\"@id\":\"https:\/\/www.veto-osteo.com\/index.php\/contact\/#breadcrumb\"},\"inLanguage\":\"fr-FR\",\"potentialAction\":[{\"@type\":\"ReadAction\",\"target\":[\"https:\/\/www.veto-osteo.com\/index.php\/contact\/\"]}]},{\"@type\":\"BreadcrumbList\",\"@id\":\"https:\/\/www.veto-osteo.com\/index.php\/contact\/#breadcrumb\",\"itemListElement\":[{\"@type\":\"ListItem\",\"position\":1,\"name\":\"Accueil\",\"item\":\"https:\/\/www.veto-osteo.com\/\"},{\"@type\":\"ListItem\",\"position\":2,\"name\":\"Contact\"}]},{\"@type\":\"WebSite\",\"@id\":\"https:\/\/www.veto-osteo.com\/#website\",\"url\":\"https:\/\/www.veto-osteo.com\/\",\"name\":\"Veto osteo\",\"description\":\"Line DESCHAMPS\",\"publisher\":{\"@id\":\"https:\/\/www.veto-osteo.com\/#\/schema\/person\/c3bfd90589937475d4b8c31a0ddadcaf\"},\"potentialAction\":[{\"@type\":\"SearchAction\",\"target\":{\"@type\":\"EntryPoint\",\"urlTemplate\":\"https:\/\/www.veto-osteo.com\/?s={search_term_string}\"},\"query-input\":\"required name=search_term_string\"}],\"inLanguage\":\"fr-FR\"},{\"@type\":[\"Person\",\"Organization\"],\"@id\":\"https:\/\/www.veto-osteo.com\/#\/schema\/person\/c3bfd90589937475d4b8c31a0ddadcaf\",\"name\":\"Line Deschamps\",\"image\":{\"@type\":\"ImageObject\",\"inLanguage\":\"fr-FR\",\"@id\":\"https:\/\/www.veto-osteo.com\/#\/schema\/person\/image\/\",\"url\":\"https:\/\/secure.gravatar.com\/avatar\/df04f3fd00afa2ac5354b12397b653e9?s=96&d=mm&r=g\",\"contentUrl\":\"https:\/\/secure.gravatar.com\/avatar\/df04f3fd00afa2ac5354b12397b653e9?s=96&d=mm&r=g\",\"caption\":\"Line Deschamps\"},\"logo\":{\"@id\":\"https:\/\/www.veto-osteo.com\/#\/schema\/person\/image\/\"},\"sameAs\":[\"http:\/\/veto-osteo.com\"]}]}<\/script>\n<!-- \/ Yoast SEO plugin. -->","yoast_head_json":{"title":"Contact - Veto Osteo Nantes","robots":{"index":"index","follow":"follow","max-snippet":"max-snippet:-1","max-image-preview":"max-image-preview:large","max-video-preview":"max-video-preview:-1"},"canonical":"https:\/\/www.veto-osteo.com\/index.php\/contact\/","og_locale":"fr_FR","og_type":"article","og_title":"Contact - Veto Osteo Nantes","og_description":"Dr Line DESCHAMPS : 06.08.68.06.88drlinedeschamps@gmail.com Lieux des consultations &#8211; Clinique v\u00e9t\u00e9rinaire V\u00e9toc\u00e9ane 9 All\u00e9e Alphonse Fillion, 4Lire la suite","og_url":"https:\/\/www.veto-osteo.com\/index.php\/contact\/","og_site_name":"Veto Osteo Nantes","article_modified_time":"2026-04-22T22:31:00+00:00","og_image":[{"width":300,"height":199,"url":"https:\/\/www.veto-osteo.com\/wp-content\/uploads\/2019\/10\/line_royal.jpg","type":"image\/jpeg"}],"twitter_card":"summary_large_image","twitter_misc":{"Dur\u00e9e de lecture estim\u00e9e":"1 minute"},"schema":{"@context":"https:\/\/schema.org","@graph":[{"@type":"WebPage","@id":"https:\/\/www.veto-osteo.com\/index.php\/contact\/","url":"https:\/\/www.veto-osteo.com\/index.php\/contact\/","name":"Contact - Veto Osteo Nantes","isPartOf":{"@id":"https:\/\/www.veto-osteo.com\/#website"},"datePublished":"2017-08-31T06:34:31+00:00","dateModified":"2026-04-22T22:31:00+00:00","breadcrumb":{"@id":"https:\/\/www.veto-osteo.com\/index.php\/contact\/#breadcrumb"},"inLanguage":"fr-FR","potentialAction":[{"@type":"ReadAction","target":["https:\/\/www.veto-osteo.com\/index.php\/contact\/"]}]},{"@type":"BreadcrumbList","@id":"https:\/\/www.veto-osteo.com\/index.php\/contact\/#breadcrumb","itemListElement":[{"@type":"ListItem","position":1,"name":"Accueil","item":"https:\/\/www.veto-osteo.com\/"},{"@type":"ListItem","position":2,"name":"Contact"}]},{"@type":"WebSite","@id":"https:\/\/www.veto-osteo.com\/#website","url":"https:\/\/www.veto-osteo.com\/","name":"Veto osteo","description":"Line DESCHAMPS","publisher":{"@id":"https:\/\/www.veto-osteo.com\/#\/schema\/person\/c3bfd90589937475d4b8c31a0ddadcaf"},"potentialAction":[{"@type":"SearchAction","target":{"@type":"EntryPoint","urlTemplate":"https:\/\/www.veto-osteo.com\/?s={search_term_string}"},"query-input":"required name=search_term_string"}],"inLanguage":"fr-FR"},{"@type":["Person","Organization"],"@id":"https:\/\/www.veto-osteo.com\/#\/schema\/person\/c3bfd90589937475d4b8c31a0ddadcaf","name":"Line Deschamps","image":{"@type":"ImageObject","inLanguage":"fr-FR","@id":"https:\/\/www.veto-osteo.com\/#\/schema\/person\/image\/","url":"https:\/\/secure.gravatar.com\/avatar\/df04f3fd00afa2ac5354b12397b653e9?s=96&d=mm&r=g","contentUrl":"https:\/\/secure.gravatar.com\/avatar\/df04f3fd00afa2ac5354b12397b653e9?s=96&d=mm&r=g","caption":"Line Deschamps"},"logo":{"@id":"https:\/\/www.veto-osteo.com\/#\/schema\/person\/image\/"},"sameAs":["http:\/\/veto-osteo.com"]}]}},"_links":{"self":[{"href":"https:\/\/www.veto-osteo.com\/index.php\/wp-json\/wp\/v2\/pages\/161"}],"collection":[{"href":"https:\/\/www.veto-osteo.com\/index.php\/wp-json\/wp\/v2\/pages"}],"about":[{"href":"https:\/\/www.veto-osteo.com\/index.php\/wp-json\/wp\/v2\/types\/page"}],"author":[{"embeddable":true,"href":"https:\/\/www.veto-osteo.com\/index.php\/wp-json\/wp\/v2\/users\/2"}],"replies":[{"embeddable":true,"href":"https:\/\/www.veto-osteo.com\/index.php\/wp-json\/wp\/v2\/comments?post=161"}],"version-history":[{"count":45,"href":"https:\/\/www.veto-osteo.com\/index.php\/wp-json\/wp\/v2\/pages\/161\/revisions"}],"predecessor-version":[{"id":821,"href":"https:\/\/www.veto-osteo.com\/index.php\/wp-json\/wp\/v2\/pages\/161\/revisions\/821"}],"wp:featuredmedia":[{"embeddable":true,"href":"https:\/\/www.veto-osteo.com\/index.php\/wp-json\/wp\/v2\/media\/565"}],"wp:attachment":[{"href":"https:\/\/www.veto-osteo.com\/index.php\/wp-json\/wp\/v2\/media?parent=161"}],"curies":[{"name":"wp","href":"https:\/\/api.w.org\/{rel}","templated":true}]}}